{"id":413,"date":"2025-03-05T16:27:24","date_gmt":"2025-03-05T16:27:24","guid":{"rendered":"https:\/\/d-life.hu\/?page_id=413"},"modified":"2025-03-05T16:28:33","modified_gmt":"2025-03-05T16:28:33","slug":"fogynivagyoknak","status":"publish","type":"page","link":"https:\/\/d-life.hu\/en\/fogynivagyoknak\/","title":{"rendered":"Fogyniv\u00e1gy\u00f3knak"},"content":{"rendered":"<div data-elementor-type=\"wp-page\" data-elementor-id=\"413\" class=\"elementor elementor-413\" data-elementor-post-type=\"page\">\n\t\t\t\t<div class=\"elementor-element elementor-element-58429a8 e-flex e-con-boxed e-con e-parent\" data-id=\"58429a8\" data-element_type=\"container\" data-e-type=\"container\">\n\t\t\t\t\t<div class=\"e-con-inner\">\n\t\t\t\t<div class=\"elementor-element elementor-element-582e247 elementor-widget elementor-widget-text-editor\" data-id=\"582e247\" data-element_type=\"widget\" data-e-type=\"widget\" data-widget_type=\"text-editor.default\">\n\t\t\t\t<div class=\"elementor-widget-container\">\n\t\t\t\t\t\t\t\t\t<div class=\"top\"><div class=\"center\"><h2>Fogyniv\u00e1gy\u00f3knak<\/h2><\/div><\/div><div class=\"middle\"><div class=\"information_list_item_introtext\">\u00a0<\/div><div class=\"information\"><section><h4>Az elh\u00edz\u00e1s okai legt\u00f6bbsz\u00f6r a helytelen t\u00e1pl\u00e1lkoz\u00e1s\u2026<\/h4><p>A fogy\u00f3k\u00fara \u00e9s az \u00fajabb \u00e9s \u00fajabb di\u00e9t\u00e1k nem valamif\u00e9le divat vagy felkapott ir\u00e1nyzat r\u00e9szei. Ma, amikor az\u00a0<strong>orsz\u00e1g 20%-a t\u00fals\u00fallyal k\u00fczd<\/strong>\u00a0\u00e9s az elh\u00edz\u00e1s az eg\u00e9szs\u00e9g\u00fcnket legink\u00e1bb befoly\u00e1sol\u00f3 t\u00e9nyez\u0151, fontos, hogy tegy\u00fcnk ellene.<br \/>Ha T\u00e9ged is \u00e9rint val\u00f3sz\u00edn\u0171leg sok mindent kipr\u00f3b\u00e1lt\u00e1l m\u00e1r. De a sokadik szigor\u00fa\u00a0<strong>di\u00e9ta<\/strong>\u00a0\u00e9s a prec\u00edzen \u00f6ssze\u00e1ll\u00edtott\u00a0<strong>edz\u00e9sterv<\/strong>\u00a0ellen\u00e9re nem siker\u00fcl megszabadulnod a kil\u00f3kt\u00f3l. Az eredm\u00e9nytelens\u00e9ggel szembes\u00fclve sokan feladj\u00e1k \u00e9s azt gondolj\u00e1k,\u00a0<strong>k\u00e9ptelenek lefogyni<\/strong>\u00a0p\u00e9ld\u00e1ul a genetika, az \u00f6r\u00f6kl\u00f6tt tulajdons\u00e1gaik miatt.<br \/>Pedig nem kellene belet\u00f6r\u0151dni\u00fck!<\/p><\/section><section><p><img fetchpriority=\"high\" decoding=\"async\" src=\"https:\/\/szenhidratcsokkentett-etrend.hu\/wp-content\/uploads\/2018\/10\/fogyas-diabet-egeszseges-eletmod-szenhidratcsokkentett-dieta-300x169.png\" sizes=\"(max-width: 538px) 100vw, 538px\" srcset=\"https:\/\/szenhidratcsokkentett-etrend.hu\/wp-content\/uploads\/2018\/10\/fogyas-diabet-egeszseges-eletmod-szenhidratcsokkentett-dieta-300x169.png 300w, https:\/\/szenhidratcsokkentett-etrend.hu\/wp-content\/uploads\/2018\/10\/fogyas-diabet-egeszseges-eletmod-szenhidratcsokkentett-dieta-768x432.png 768w, https:\/\/szenhidratcsokkentett-etrend.hu\/wp-content\/uploads\/2018\/10\/fogyas-diabet-egeszseges-eletmod-szenhidratcsokkentett-dieta.png 800w\" alt=\"\" width=\"538\" height=\"303\" \/><\/p><h4>Finom \u00e9s t\u00e1pl\u00e1l\u00f3 \u00e9telekkel is el\u00e9rheted az ide\u00e1lis s\u00falyod!<\/h4><p>Ahhoz, hogy el\u00e9rd az\u00a0<strong>ide\u00e1lis tests\u00falyod<\/strong>, eg\u00e9szs\u00e9ges legy\u00e9l \u00e9s j\u00f3l \u00e9rezd magad a b\u0151r\u00f6dben, nem felt\u00e9tlen\u00fcl kell koplalnod \u00e9s megvonnod magadt\u00f3l a megszokott \u00edzeket. Tudjuk, hogy a di\u00e9t\u00e1s \u00e9telek sokszor\u00a0<strong>\u00edzetlenek<\/strong>\u00a0\u00e9s\u00a0<strong>fura<\/strong>\u00a0<strong>\u00e1llag\u00faak<\/strong>, r\u00e1ad\u00e1sul neh\u00e9z \u0151ket beszerezni.<br \/>Ez\u00e9rt a D-Life term\u00e9keket \u00fagy alkottuk meg, hogy a bel\u0151l\u00fck k\u00e9sz\u00fclt \u00e9telek\u00a0<strong>finomak \u00e9s t\u00e1pl\u00e1l\u00f3ak<\/strong>\u00a0legyenek. A lisztek, p\u00e9ks\u00fctem\u00e9nyek \u00e9s t\u00e9szt\u00e1k mind\u00a0<strong>sz\u00e9nhidr\u00e1tcs\u00f6kkentettek<\/strong>, \u00edgy a legt\u00f6bb di\u00e9t\u00e1ba beilleszhet\u0151k.<\/p><\/section><section><h4>\u00c1lomalak lemond\u00e1sok n\u00e9lk\u00fcl!<\/h4><p>Tedd v\u00e1ltozatoss\u00e1 a di\u00e9t\u00e1dat, sz\u00e9nhidr\u00e1tcs\u00f6kkentett receptjeinkkel!<br \/>T\u00f6ltsd le most a receptf\u00fczet\u00fcnket, \u00e9s pr\u00f3b\u00e1ld ki eg\u00e9szs\u00e9ges finoms\u00e1gainkat!<\/p><p><a href=\"https:\/\/tatrck.com\/h\/0Hu30uVO0S4_?url=https%3A%2F%2Fcdn.shopify.com%2Fs%2Ffiles%2F1%2F0528%2F8896%2F1223%2Ffiles%2FDietaskonyha_receptfuzet.pdf%3Fv%3D1619081306\" target=\"_blank\" rel=\"noopener noreferrer\">LET\u00d6LT\u00d6M<\/a><\/p><\/section><section><h4>A fogy\u00f3k\u00far\u00e1z\u00f3k az\u00e9rt szeretik a D-Life term\u00e9keket, mert\u2026<\/h4><ul><li>a megszokott \u00e9rt\u00e9kekhez k\u00e9pest\u00a0<strong>30%-kal kevesebb sz\u00e9nhidr\u00e1tot<\/strong>\u00a0tartalmaznak<\/li><li>n\u00f6v\u00e9nyi hat\u00f3anyag tartalmuk miatt\u00a0<strong>lass\u00fa felsz\u00edv\u00f3d\u00e1s\u00faak<\/strong><\/li><li>m\u00e9rhet\u0151en\u00a0<strong>cs\u00f6kkentik<\/strong>\u00a0a v\u00e9rcukor szintet<\/li><li>mindennapos fogyaszt\u00e1suk el\u0151seg\u00edti a\u00a0<strong>s\u00falycs\u00f6kken\u00e9st<\/strong><\/li><li>fokozz\u00e1k a\u00a0<strong>j\u00f3llakotts\u00e1g<\/strong>\u00a0\u00e9rzetet<\/li><li>hozz\u00e1j\u00e1rulnak a v\u00e9r\u00a0<strong>norm\u00e1l koleszterinszintj\u00e9nek<\/strong>\u00a0fenntart\u00e1s\u00e1hoz<\/li><li>kiz\u00e1r\u00f3lag\u00a0<strong>term\u00e9szetes<\/strong>\u00a0anyagok felhaszn\u00e1l\u00e1s\u00e1val,\u00a0<strong>tart\u00f3s\u00edt\u00f3szer n\u00e9lk\u00fcl<\/strong>\u00a0k\u00e9sz\u00fclnek<\/li><li>magas\u00a0<strong>n\u00f6v\u00e9nyi feh\u00e9rjetartalommal<\/strong>\u00a0rendelkeznek<\/li><\/ul><\/section><div id=\"socail_media\" class=\"social-share-module noprint\">\u00a0<\/div><\/div><\/div>\t\t\t\t\t\t\t\t<\/div>\n\t\t\t\t<\/div>\n\t\t\t\t\t<\/div>\n\t\t\t\t<\/div>\n\t\t\t\t<\/div>","protected":false},"excerpt":{"rendered":"<p>Fogyniv\u00e1gy\u00f3knak \u00a0 Az elh\u00edz\u00e1s okai legt\u00f6bbsz\u00f6r a helytelen t\u00e1pl\u00e1lkoz\u00e1s\u2026 A fogy\u00f3k\u00fara \u00e9s az \u00fajabb \u00e9s \u00fajabb di\u00e9t\u00e1k nem valamif\u00e9le divat vagy felkapott ir\u00e1nyzat r\u00e9szei. Ma, amikor az\u00a0orsz\u00e1g 20%-a t\u00fals\u00fallyal k\u00fczd\u00a0\u00e9s az elh\u00edz\u00e1s az eg\u00e9szs\u00e9g\u00fcnket legink\u00e1bb befoly\u00e1sol\u00f3 t\u00e9nyez\u0151, fontos, hogy tegy\u00fcnk ellene.Ha T\u00e9ged is \u00e9rint val\u00f3sz\u00edn\u0171leg sok mindent kipr\u00f3b\u00e1lt\u00e1l m\u00e1r. De a sokadik szigor\u00fa\u00a0di\u00e9ta\u00a0\u00e9s a prec\u00edzen &#8230; <a title=\"Fogyniv\u00e1gy\u00f3knak\" class=\"read-more\" href=\"https:\/\/d-life.hu\/en\/fogynivagyoknak\/\" aria-label=\"Read more about Fogyniv\u00e1gy\u00f3knak\">Read more<\/a><\/p>","protected":false},"author":1,"featured_media":0,"parent":0,"menu_order":0,"comment_status":"closed","ping_status":"closed","template":"elementor_header_footer","meta":{"_seopress_robots_primary_cat":"","_seopress_titles_title":"","_seopress_titles_desc":"","_seopress_robots_index":"","footnotes":""},"class_list":["post-413","page","type-page","status-publish"],"_links":{"self":[{"href":"https:\/\/d-life.hu\/en\/wp-json\/wp\/v2\/pages\/413","targetHints":{"allow":["GET"]}}],"collection":[{"href":"https:\/\/d-life.hu\/en\/wp-json\/wp\/v2\/pages"}],"about":[{"href":"https:\/\/d-life.hu\/en\/wp-json\/wp\/v2\/types\/page"}],"author":[{"embeddable":true,"href":"https:\/\/d-life.hu\/en\/wp-json\/wp\/v2\/users\/1"}],"replies":[{"embeddable":true,"href":"https:\/\/d-life.hu\/en\/wp-json\/wp\/v2\/comments?post=413"}],"version-history":[{"count":4,"href":"https:\/\/d-life.hu\/en\/wp-json\/wp\/v2\/pages\/413\/revisions"}],"predecessor-version":[{"id":417,"href":"https:\/\/d-life.hu\/en\/wp-json\/wp\/v2\/pages\/413\/revisions\/417"}],"wp:attachment":[{"href":"https:\/\/d-life.hu\/en\/wp-json\/wp\/v2\/media?parent=413"}],"curies":[{"name":"wp","href":"https:\/\/api.w.org\/{rel}","templated":true}]}}