{"id":1151,"date":"2025-05-14T19:49:49","date_gmt":"2025-05-14T19:49:49","guid":{"rendered":"https:\/\/d-life.hu\/?page_id=1151"},"modified":"2025-05-14T20:50:39","modified_gmt":"2025-05-14T20:50:39","slug":"gasztro","status":"publish","type":"page","link":"https:\/\/d-life.hu\/en\/gasztro\/","title":{"rendered":"Gasztro"},"content":{"rendered":"<div data-elementor-type=\"wp-page\" data-elementor-id=\"1151\" class=\"elementor elementor-1151\" data-elementor-post-type=\"page\">\n\t\t\t\t<div class=\"elementor-element elementor-element-39c6d20 e-flex e-con-boxed e-con e-parent\" data-id=\"39c6d20\" data-element_type=\"container\" data-e-type=\"container\" data-settings=\"{&quot;background_background&quot;:&quot;classic&quot;}\">\n\t\t\t\t\t<div class=\"e-con-inner\">\n\t\t\t\t\t<\/div>\n\t\t\t\t<\/div>\n\t\t<div class=\"elementor-element elementor-element-15be066 e-flex e-con-boxed e-con e-parent\" data-id=\"15be066\" data-element_type=\"container\" data-e-type=\"container\">\n\t\t\t\t\t<div class=\"e-con-inner\">\n\t\t\t\t<div class=\"elementor-element elementor-element-a97528a elementor-widget elementor-widget-heading\" data-id=\"a97528a\" data-element_type=\"widget\" data-e-type=\"widget\" data-widget_type=\"heading.default\">\n\t\t\t\t<div class=\"elementor-widget-container\">\n\t\t\t\t\t<h2 class=\"elementor-heading-title elementor-size-default\">Gasztron\u00f3miai Kiszolg\u00e1l\u00e1s \u2013 Professzion\u00e1lis Min\u0151s\u00e9g Nagym\u00e9retben<\/h2>\t\t\t\t<\/div>\n\t\t\t\t<\/div>\n\t\t\t\t\t<\/div>\n\t\t\t\t<\/div>\n\t\t<div class=\"elementor-element elementor-element-9000dac e-flex e-con-boxed e-con e-parent\" data-id=\"9000dac\" data-element_type=\"container\" data-e-type=\"container\">\n\t\t\t\t\t<div class=\"e-con-inner\">\n\t\t<div class=\"elementor-element elementor-element-5026872 e-con-full e-flex e-con e-child\" data-id=\"5026872\" data-element_type=\"container\" data-e-type=\"container\">\n\t\t\t\t<div class=\"elementor-element elementor-element-04b4f56 elementor-widget elementor-widget-image\" data-id=\"04b4f56\" data-element_type=\"widget\" data-e-type=\"widget\" data-widget_type=\"image.default\">\n\t\t\t\t<div class=\"elementor-widget-container\">\n\t\t\t\t\t\t\t\t\t\t\t\t\t\t\t<img alt=\"\" fetchpriority=\"high\" decoding=\"async\" width=\"900\" height=\"808\" src=\"https:\/\/d-life.hu\/wp-content\/uploads\/2025\/05\/IMG_20250514_142758-1024x919.jpg\" class=\"attachment-large size-large wp-image-1164\" srcset=\"https:\/\/d-life.hu\/wp-content\/uploads\/2025\/05\/IMG_20250514_142758-1024x919.jpg 1024w, https:\/\/d-life.hu\/wp-content\/uploads\/2025\/05\/IMG_20250514_142758-300x269.jpg 300w, https:\/\/d-life.hu\/wp-content\/uploads\/2025\/05\/IMG_20250514_142758-768x689.jpg 768w, https:\/\/d-life.hu\/wp-content\/uploads\/2025\/05\/IMG_20250514_142758-1536x1378.jpg 1536w, https:\/\/d-life.hu\/wp-content\/uploads\/2025\/05\/IMG_20250514_142758-13x12.jpg 13w, https:\/\/d-life.hu\/wp-content\/uploads\/2025\/05\/IMG_20250514_142758-600x538.jpg 600w, https:\/\/d-life.hu\/wp-content\/uploads\/2025\/05\/IMG_20250514_142758.jpg 2006w\" sizes=\"(max-width: 900px) 100vw, 900px\" \/>\t\t\t\t\t\t\t\t\t\t\t\t\t\t\t<\/div>\n\t\t\t\t<\/div>\n\t\t\t\t<\/div>\n\t\t<div class=\"elementor-element elementor-element-928cee9 e-con-full e-flex e-con e-child\" data-id=\"928cee9\" data-element_type=\"container\" data-e-type=\"container\">\n\t\t\t\t<div class=\"elementor-element elementor-element-89f31ac elementor-widget elementor-widget-text-editor\" data-id=\"89f31ac\" data-element_type=\"widget\" data-e-type=\"widget\" data-widget_type=\"text-editor.default\">\n\t\t\t\t<div class=\"elementor-widget-container\">\n\t\t\t\t\t\t\t\t\t<p>\u00dcdv\u00f6z\u00f6lj\u00fck a D-Life gasztro vil\u00e1g\u00e1ban, ahol a min\u0151s\u00e9g, a tudatoss\u00e1g \u00e9s a profizmus tal\u00e1lkoznak! \u00c9rt\u00e9kes\u00edt\u00fcnk a nagykonyh\u00e1k, \u00e9ttermek, p\u00e9ks\u00e9gek, cukr\u00e1szatok \u00e9s cateringszolg\u00e1ltat\u00e1sok sz\u00e1m\u00e1ra.<\/p><p><strong>K\u00e9sz\u00fclj\u00f6n fel a t\u00f6k\u00e9letes alapanyagokra!<\/strong><\/p><p>\u00c9rtj\u00fck, hogy a gasztron\u00f3mia vil\u00e1g\u00e1ban a min\u0151s\u00e9g kiemelt fontoss\u00e1g\u00fa. Legyen sz\u00f3 \u00edzletes \u00e9tlapr\u00f3l, friss p\u00e9ks\u00fctem\u00e9nyekr\u0151l vagy a vend\u00e9gek el\u00e9gedetts\u00e9g\u00e9r\u0151l \u2013 a megfelel\u0151 alapanyagok kulcsfontoss\u00e1g\u00faak a sikerhez. Ez\u00e9rt k\u00edn\u00e1ljuk a D-Life min\u0151s\u00e9gi lisztjeit \u00e9s lisztkever\u00e9keit most nagym\u00e9ret\u0171, <strong>praktikus gastron\u00f3miai, azaz 25 kg-os kiszerel\u00e9sben<\/strong> is.<\/p>\t\t\t\t\t\t\t\t<\/div>\n\t\t\t\t<\/div>\n\t\t\t\t<\/div>\n\t\t\t\t\t<\/div>\n\t\t\t\t<\/div>\n\t\t<div class=\"elementor-element elementor-element-9ad423a e-flex e-con-boxed e-con e-parent\" data-id=\"9ad423a\" data-element_type=\"container\" data-e-type=\"container\">\n\t\t\t\t\t<div class=\"e-con-inner\">\n\t\t<div class=\"elementor-element elementor-element-3754ac5 e-con-full e-flex e-con e-child\" data-id=\"3754ac5\" data-element_type=\"container\" data-e-type=\"container\">\n\t\t\t\t<div class=\"elementor-element elementor-element-7b0938d elementor-widget elementor-widget-image\" data-id=\"7b0938d\" data-element_type=\"widget\" data-e-type=\"widget\" data-widget_type=\"image.default\">\n\t\t\t\t<div class=\"elementor-widget-container\">\n\t\t\t\t\t\t\t\t\t\t\t\t\t\t\t<img alt=\"\" decoding=\"async\" width=\"550\" height=\"800\" src=\"https:\/\/d-life.hu\/wp-content\/uploads\/2025\/02\/piskotaliszt.png.webp\" class=\"attachment-large size-large wp-image-807\" srcset=\"https:\/\/d-life.hu\/wp-content\/uploads\/2025\/02\/piskotaliszt.png.webp 550w, https:\/\/d-life.hu\/wp-content\/uploads\/2025\/02\/piskotaliszt.png-206x300.webp 206w\" sizes=\"(max-width: 550px) 100vw, 550px\" \/>\t\t\t\t\t\t\t\t\t\t\t\t\t\t\t<\/div>\n\t\t\t\t<\/div>\n\t\t\t\t<\/div>\n\t\t<div class=\"elementor-element elementor-element-af97bd7 e-con-full e-flex e-con e-child\" data-id=\"af97bd7\" data-element_type=\"container\" data-e-type=\"container\">\n\t\t\t\t<div class=\"elementor-element elementor-element-dd41773 elementor-widget elementor-widget-image\" data-id=\"dd41773\" data-element_type=\"widget\" data-e-type=\"widget\" data-widget_type=\"image.default\">\n\t\t\t\t<div class=\"elementor-widget-container\">\n\t\t\t\t\t\t\t\t\t\t\t\t\t\t\t<img alt=\"\" decoding=\"async\" width=\"550\" height=\"800\" src=\"https:\/\/d-life.hu\/wp-content\/uploads\/2025\/02\/d-life-pizzaiszt.png.webp\" class=\"attachment-large size-large wp-image-804\" srcset=\"https:\/\/d-life.hu\/wp-content\/uploads\/2025\/02\/d-life-pizzaiszt.png.webp 550w, https:\/\/d-life.hu\/wp-content\/uploads\/2025\/02\/d-life-pizzaiszt.png-206x300.webp 206w\" sizes=\"(max-width: 550px) 100vw, 550px\" \/>\t\t\t\t\t\t\t\t\t\t\t\t\t\t\t<\/div>\n\t\t\t\t<\/div>\n\t\t\t\t<\/div>\n\t\t<div class=\"elementor-element elementor-element-34d6f42 e-con-full e-flex e-con e-child\" data-id=\"34d6f42\" data-element_type=\"container\" data-e-type=\"container\">\n\t\t\t\t<div class=\"elementor-element elementor-element-b55a14a elementor-widget elementor-widget-image\" data-id=\"b55a14a\" data-element_type=\"widget\" data-e-type=\"widget\" data-widget_type=\"image.default\">\n\t\t\t\t<div class=\"elementor-widget-container\">\n\t\t\t\t\t\t\t\t\t\t\t\t\t\t\t<img alt=\"\" loading=\"lazy\" decoding=\"async\" width=\"550\" height=\"800\" src=\"https:\/\/d-life.hu\/wp-content\/uploads\/2025\/02\/dmix-szenhidratcsokkentett.png.webp\" class=\"attachment-large size-large wp-image-796\" srcset=\"https:\/\/d-life.hu\/wp-content\/uploads\/2025\/02\/dmix-szenhidratcsokkentett.png.webp 550w, https:\/\/d-life.hu\/wp-content\/uploads\/2025\/02\/dmix-szenhidratcsokkentett.png-206x300.webp 206w\" sizes=\"(max-width: 550px) 100vw, 550px\" \/>\t\t\t\t\t\t\t\t\t\t\t\t\t\t\t<\/div>\n\t\t\t\t<\/div>\n\t\t\t\t<\/div>\n\t\t<div class=\"elementor-element elementor-element-eb213ea e-con-full e-flex e-con e-child\" data-id=\"eb213ea\" data-element_type=\"container\" data-e-type=\"container\">\n\t\t\t\t<div class=\"elementor-element elementor-element-80f5b48 elementor-widget elementor-widget-image\" data-id=\"80f5b48\" data-element_type=\"widget\" data-e-type=\"widget\" data-widget_type=\"image.default\">\n\t\t\t\t<div class=\"elementor-widget-container\">\n\t\t\t\t\t\t\t\t\t\t\t\t\t\t\t<img alt=\"\" loading=\"lazy\" decoding=\"async\" width=\"900\" height=\"900\" src=\"https:\/\/d-life.hu\/wp-content\/uploads\/2025\/02\/dlife-d-mix-sutokeverek-70_-teljes-kiorlesu-liszttel-csokkentett-szenhidrattartalommal-500g-1024x1024.png\" class=\"attachment-large size-large wp-image-753\" srcset=\"https:\/\/d-life.hu\/wp-content\/uploads\/2025\/02\/dlife-d-mix-sutokeverek-70_-teljes-kiorlesu-liszttel-csokkentett-szenhidrattartalommal-500g-1024x1024.png 1024w, https:\/\/d-life.hu\/wp-content\/uploads\/2025\/02\/dlife-d-mix-sutokeverek-70_-teljes-kiorlesu-liszttel-csokkentett-szenhidrattartalommal-500g-300x300.png 300w, https:\/\/d-life.hu\/wp-content\/uploads\/2025\/02\/dlife-d-mix-sutokeverek-70_-teljes-kiorlesu-liszttel-csokkentett-szenhidrattartalommal-500g-150x150.png 150w, https:\/\/d-life.hu\/wp-content\/uploads\/2025\/02\/dlife-d-mix-sutokeverek-70_-teljes-kiorlesu-liszttel-csokkentett-szenhidrattartalommal-500g-768x768.png 768w, https:\/\/d-life.hu\/wp-content\/uploads\/2025\/02\/dlife-d-mix-sutokeverek-70_-teljes-kiorlesu-liszttel-csokkentett-szenhidrattartalommal-500g-600x600.png 600w, https:\/\/d-life.hu\/wp-content\/uploads\/2025\/02\/dlife-d-mix-sutokeverek-70_-teljes-kiorlesu-liszttel-csokkentett-szenhidrattartalommal-500g-100x100.png 100w, https:\/\/d-life.hu\/wp-content\/uploads\/2025\/02\/dlife-d-mix-sutokeverek-70_-teljes-kiorlesu-liszttel-csokkentett-szenhidrattartalommal-500g.png 1200w\" sizes=\"(max-width: 900px) 100vw, 900px\" \/>\t\t\t\t\t\t\t\t\t\t\t\t\t\t\t<\/div>\n\t\t\t\t<\/div>\n\t\t\t\t<div class=\"elementor-element elementor-element-e25a912 elementor-widget elementor-widget-menu-anchor\" data-id=\"e25a912\" data-element_type=\"widget\" data-e-type=\"widget\" id=\"arajanlat_gasztro\" data-widget_type=\"menu-anchor.default\">\n\t\t\t\t<div class=\"elementor-widget-container\">\n\t\t\t\t\t\t\t<div class=\"elementor-menu-anchor\" id=\"arajanlat_gasztro\"><\/div>\n\t\t\t\t\t\t<\/div>\n\t\t\t\t<\/div>\n\t\t\t\t<\/div>\n\t\t\t\t\t<\/div>\n\t\t\t\t<\/div>\n\t\t<div class=\"elementor-element elementor-element-42b8227 e-flex e-con-boxed e-con e-parent\" data-id=\"42b8227\" data-element_type=\"container\" data-e-type=\"container\" data-settings=\"{&quot;background_background&quot;:&quot;classic&quot;}\">\n\t\t\t\t\t<div class=\"e-con-inner\">\n\t\t<div class=\"elementor-element elementor-element-3ae4069 e-con-full e-flex e-con e-child\" data-id=\"3ae4069\" data-element_type=\"container\" data-e-type=\"container\">\n\t\t\t\t<div class=\"elementor-element elementor-element-970e5ef elementor-widget elementor-widget-text-editor\" data-id=\"970e5ef\" data-element_type=\"widget\" data-e-type=\"widget\" data-widget_type=\"text-editor.default\">\n\t\t\t\t<div class=\"elementor-widget-container\">\n\t\t\t\t\t\t\t\t\t<p><strong>Hogyan rendelhet?<\/strong><\/p><p>A D-Life lisztjeire \u00e9s a lisztkever\u00e9keire 25 kg-os kiszerel\u00e9sben k\u00e9rjen egyedi \u00e1raj\u00e1nlatot \u0171rlapunk seg\u00edts\u00e9g\u00e9vel.<\/p><p><strong>Tegye teljess\u00e9 a gasztron\u00f3miai \u00e9lm\u00e9nyt a D-Life-fal!<\/strong><\/p>\t\t\t\t\t\t\t\t<\/div>\n\t\t\t\t<\/div>\n\t\t\t\t<\/div>\n\t\t<div class=\"elementor-element elementor-element-7d04374 e-con-full e-flex e-con e-child\" data-id=\"7d04374\" data-element_type=\"container\" data-e-type=\"container\">\n\t\t\t\t<div class=\"elementor-element elementor-element-3b3c718 elementor-widget elementor-widget-jet-form-builder-form\" data-id=\"3b3c718\" data-element_type=\"widget\" data-e-type=\"widget\" data-widget_type=\"jet-form-builder-form.default\">\n\t\t\t\t<div class=\"elementor-widget-container\">\n\t\t\t\t\t<link rel='stylesheet' id='wp-block-library-css' href='https:\/\/d-life.hu\/wp-includes\/css\/dist\/block-library\/style.min.css?ver=6.9.4' media='all' \/>\n<style id=\"jet-form-builder-1170-inline-css\"><\/style><form  class=\"jet-form-builder layout-column submit-type-reload\" action=\"https:\/\/d-life.hu\/en\/wp-json\/wp\/v2\/pages\/1151\/?brDze2=8bMm9fxNPW&#038;method=reload\" method=\"POST\" data-form-id=\"1170\" data-layout=\"column\" enctype=\"multipart\/form-data\" novalidate=\"null\" ssr_validation_method=\"rest\" data-trp-original-action=\"https:\/\/d-life.hu\/en\/wp-json\/wp\/v2\/pages\/1151\/?brDze2=8bMm9fxNPW&amp;method=reload\"><input type=\"hidden\" id=\"_wpnonce\" name=\"_wpnonce\" value=\"2e1d2cc6b0\" \/><input type=\"hidden\" name=\"_wp_http_referer\" value=\"\/en\/wp-json\/wp\/v2\/pages\/1151\" \/>\r\n<input type=\"hidden\" name=\"_jfb_current_render_states[]\" value=\"DEFAULT.STATE\" data-jfb-sync \/><input type=\"hidden\" class=\"jet-form-builder__field hidden-field\" name=\"_jet_engine_booking_form_id\" data-field-name=\"_jet_engine_booking_form_id\" value=\"1170\">\n<input type=\"hidden\" class=\"jet-form-builder__field hidden-field\" name=\"_jet_engine_refer\" data-field-name=\"_jet_engine_refer\" value=\"https:\/\/d-life.hu\/en\/wp-json\/wp\/v2\/pages\/1151\/\">\n<input type=\"hidden\" class=\"jet-form-builder__field hidden-field\" name=\"__queried_post_id\" data-field-name=\"__queried_post_id\" value=\"1151\">\n<div  class=\"jet-form-builder-row field-type-text-field\" >\n<div class=\"jet-form-builder__label\">\r\n<div class=\"jet-form-builder__label-text\">Name <span class=\"jet-form-builder__required\">*<\/span><\/div><\/div><div class=\"jet-form-builder__field-wrap\">\n\t\t\t\t<input required=\"required\" name=\"name\" id=\"name\" type=\"email\" data-field-name=\"name\" class=\"jet-form-builder__field text-field\" data-jfb-sync=\"null\" autocomplete=\"off_lwWUoIKZ\">\n\t\t\t\t\t<\/div>\n<\/div>\n\n<div  class=\"jet-form-builder-row field-type-text-field\" >\n<div class=\"jet-form-builder__label\">\r\n<div class=\"jet-form-builder__label-text\">Email <span class=\"jet-form-builder__required\">*<\/span><\/div><\/div><div class=\"jet-form-builder__field-wrap\">\n\t\t\t\t<input required=\"required\" name=\"email_copy\" id=\"email_copy\" type=\"email\" data-field-name=\"email_copy\" class=\"jet-form-builder__field text-field\" data-jfb-sync=\"null\" autocomplete=\"off_a09J4wmF\">\n\t\t\t\t\t<\/div>\n<\/div>\n\n<div  class=\"jet-form-builder-row field-type-text-field\" >\n<div class=\"jet-form-builder__label\">\r\n<div class=\"jet-form-builder__label-text\">Telefonsz\u00e1m<\/div><\/div><div class=\"jet-form-builder__field-wrap\">\n\t\t\t\t<input name=\"phone\" id=\"phone\" type=\"email\" data-field-name=\"phone\" class=\"jet-form-builder__field text-field\" data-jfb-sync=\"null\" autocomplete=\"off_odAWjCBf\">\n\t\t\t\t\t<\/div>\n<\/div>\n\n<div  class=\"jet-form-builder-row field-type-text-field\" >\n<div class=\"jet-form-builder__label\">\r\n<div class=\"jet-form-builder__label-text\">C\u00e9gn\u00e9v<\/div><\/div><div class=\"jet-form-builder__field-wrap\">\n\t\t\t\t<input name=\"cegnev\" id=\"cegnev\" type=\"text\" data-field-name=\"cegnev\" class=\"jet-form-builder__field text-field\" data-jfb-sync=\"null\" autocomplete=\"off_gD7weN3X\">\n\t\t\t\t\t<\/div>\n<\/div>\n\n<div  class=\"jet-form-builder-row field-type-textarea-field\" >\n<div class=\"jet-form-builder__label\">\r\n<div class=\"jet-form-builder__label-text\">\u00c1raj\u00e1nlat t\u00e1rgya\/\u00fczenet <span class=\"jet-form-builder__required\">*<\/span><\/div><\/div><div class=\"jet-form-builder__field-wrap\">\n\t\t<textarea class=\"jet-form-builder__field textarea-field\" required=\"required\" name=\"message\" data-field-name=\"message\" id=\"message\" data-jfb-sync=\"null\"><\/textarea>\n\t<\/div>\n<\/div>\n\n<div  class=\"jet-form-builder-row field-type-submit-field\" >\n\t<div data-type=\"submit\" class=\"jet-form-builder__action-button-wrapper jet-form-builder__submit-wrap\">\n\t<button class=\"jet-form-builder__action-button jet-form-builder__submit submit-type-reload\" type=\"submit\">Send<\/button>\n\t<\/div>\n\t\n<\/div>\t<div class=\"jet-form-builder-messages-wrap\" data-form-id=\"1170\"><\/div>\n<input type=\"hidden\" name=\"trp-form-language\" value=\"en\"\/><\/form>\n\t\t\t\t<\/div>\n\t\t\t\t<\/div>\n\t\t\t\t<\/div>\n\t\t\t\t\t<\/div>\n\t\t\t\t<\/div>\n\t\t<div class=\"elementor-element elementor-element-f8d598f e-flex e-con-boxed e-con e-parent\" data-id=\"f8d598f\" data-element_type=\"container\" data-e-type=\"container\">\n\t\t\t\t\t<div class=\"e-con-inner\">\n\t\t\t\t<div class=\"elementor-element elementor-element-b2ed5a5 elementor-widget elementor-widget-text-editor\" data-id=\"b2ed5a5\" data-element_type=\"widget\" data-e-type=\"widget\" data-widget_type=\"text-editor.default\">\n\t\t\t\t<div class=\"elementor-widget-container\">\n\t\t\t\t\t\t\t\t\t<p><strong>Mi\u00e9rt v\u00e1lassza a D-Life nagym\u00e9ret\u0171 kiszerel\u00e9s\u00e9t?<\/strong><\/p><ul><li><strong>K\u00e9nyelem \u00e9s hat\u00e9konys\u00e1g:<\/strong> A nagym\u00e9ret\u0171 kiszerel\u00e9s id\u0151t takar\u00edt meg, hiszen ritk\u00e1bban kell rendelni. T\u00f6k\u00e9letes megold\u00e1s a nagy volumen\u0171 konyh\u00e1k sz\u00e1m\u00e1ra, akik a hat\u00e9konys\u00e1got \u00e9s a z\u00f6kken\u0151mentes m\u0171k\u00f6d\u00e9st helyezik el\u0151t\u00e9rbe.<\/li><li><strong>K\u00f6lts\u00e9gmegtakar\u00edt\u00e1s:<\/strong> A nagym\u00e9ret\u0171 kiszerel\u00e9s gazdas\u00e1gosabb, mint a kisebb csomagok v\u00e1s\u00e1rl\u00e1sa. A D-Life m\u00e1rkan\u00e9v garanci\u00e1t garant\u00e1l a kiv\u00e1l\u00f3 min\u0151s\u00e9gre, \u00edgy maximaliz\u00e1lhatja a nyeres\u00e9g\u00e9t.<\/li><li><strong>Min\u0151s\u00e9g, amiben megb\u00edzhat:<\/strong> A D-Life lisztjei \u00e9s lisztkever\u00e9kei a legmagasabb min\u0151s\u00e9gi k\u00f6vetelm\u00e9nyeknek megfelel\u0151en k\u00e9sz\u00fclnek. A term\u00e9keinket gondosan \u00f6sszev\u00e1logatott alapanyagokb\u00f3l k\u00e9sz\u00edtj\u00fck, hogy a v\u00e9geredm\u00e9ny mindig t\u00f6k\u00e9letes legyen.<\/li><li><strong>Sz\u00e9les v\u00e1laszt\u00e9k:<\/strong> A k\u00edn\u00e1latunkban megtal\u00e1lja a sz\u00e9nhidr\u00e1tcs\u00f6kkentett\u00a0 liszteket \u00e9s lisztkever\u00e9keket is, hogy minden ig\u00e9nyre megtal\u00e1lja a megfelel\u0151 megold\u00e1st. Legyen sz\u00f3 pizzat\u00e9szt\u00e1r\u00f3l, keny\u00e9rr\u0151l, s\u00fctem\u00e9nyr\u0151l vagy m\u00e1s finoms\u00e1gr\u00f3l, a D-Life k\u00edn\u00e1lat\u00e1ban megtal\u00e1lja a t\u00f6k\u00e9letes alapanyagot!<\/li><li><strong>T\u00e1mogatjuk a v\u00e1llalkoz\u00e1s\u00e1t:<\/strong> A D-Life csapata elk\u00f6telezett a partnerei ir\u00e1nt. K\u00e9rd\u00e9seivel forduljon hozz\u00e1nk bizalommal, seg\u00edt\u00fcnk a megfelel\u0151 lisztek kiv\u00e1laszt\u00e1s\u00e1ban \u00e9s a legjobb megold\u00e1sok megtal\u00e1l\u00e1s\u00e1ban.<\/li><\/ul>\t\t\t\t\t\t\t\t<\/div>\n\t\t\t\t<\/div>\n\t\t\t\t<div class=\"elementor-element elementor-element-b3f4108 elementor-align-center elementor-widget elementor-widget-button\" data-id=\"b3f4108\" data-element_type=\"widget\" data-e-type=\"widget\" data-widget_type=\"button.default\">\n\t\t\t\t<div class=\"elementor-widget-container\">\n\t\t\t\t\t\t\t\t\t<div class=\"elementor-button-wrapper\">\n\t\t\t\t\t<a class=\"elementor-button elementor-button-link elementor-size-sm\" href=\"#arajanlat_gasztro\">\n\t\t\t\t\t\t<span class=\"elementor-button-content-wrapper\">\n\t\t\t\t\t\t\t\t\t<span class=\"elementor-button-text\">K\u00e9rjen \u00e1raj\u00e9nlatot<\/span>\n\t\t\t\t\t<\/span>\n\t\t\t\t\t<\/a>\n\t\t\t\t<\/div>\n\t\t\t\t\t\t\t\t<\/div>\n\t\t\t\t<\/div>\n\t\t\t\t\t<\/div>\n\t\t\t\t<\/div>\n\t\t\t\t<\/div>","protected":false},"excerpt":{"rendered":"<p>Gasztron\u00f3miai Kiszolg\u00e1l\u00e1s \u2013 Professzion\u00e1lis Min\u0151s\u00e9g Nagym\u00e9retben \u00dcdv\u00f6z\u00f6lj\u00fck a D-Life gasztro vil\u00e1g\u00e1ban, ahol a min\u0151s\u00e9g, a tudatoss\u00e1g \u00e9s a profizmus tal\u00e1lkoznak! \u00c9rt\u00e9kes\u00edt\u00fcnk a nagykonyh\u00e1k, \u00e9ttermek, p\u00e9ks\u00e9gek, cukr\u00e1szatok \u00e9s cateringszolg\u00e1ltat\u00e1sok sz\u00e1m\u00e1ra. K\u00e9sz\u00fclj\u00f6n fel a t\u00f6k\u00e9letes alapanyagokra! \u00c9rtj\u00fck, hogy a gasztron\u00f3mia vil\u00e1g\u00e1ban a min\u0151s\u00e9g kiemelt fontoss\u00e1g\u00fa. Legyen sz\u00f3 \u00edzletes \u00e9tlapr\u00f3l, friss p\u00e9ks\u00fctem\u00e9nyekr\u0151l vagy a vend\u00e9gek el\u00e9gedetts\u00e9g\u00e9r\u0151l \u2013 a &#8230; <a title=\"Gasztro\" class=\"read-more\" href=\"https:\/\/d-life.hu\/en\/gasztro\/\" aria-label=\"Read more about Gasztro\">Read more<\/a><\/p>","protected":false},"author":1,"featured_media":0,"parent":0,"menu_order":0,"comment_status":"closed","ping_status":"closed","template":"elementor_header_footer","meta":{"_seopress_robots_primary_cat":"","_seopress_titles_title":"","_seopress_titles_desc":"","_seopress_robots_index":"","footnotes":""},"class_list":["post-1151","page","type-page","status-publish"],"_links":{"self":[{"href":"https:\/\/d-life.hu\/en\/wp-json\/wp\/v2\/pages\/1151","targetHints":{"allow":["GET"]}}],"collection":[{"href":"https:\/\/d-life.hu\/en\/wp-json\/wp\/v2\/pages"}],"about":[{"href":"https:\/\/d-life.hu\/en\/wp-json\/wp\/v2\/types\/page"}],"author":[{"embeddable":true,"href":"https:\/\/d-life.hu\/en\/wp-json\/wp\/v2\/users\/1"}],"replies":[{"embeddable":true,"href":"https:\/\/d-life.hu\/en\/wp-json\/wp\/v2\/comments?post=1151"}],"version-history":[{"count":46,"href":"https:\/\/d-life.hu\/en\/wp-json\/wp\/v2\/pages\/1151\/revisions"}],"predecessor-version":[{"id":1218,"href":"https:\/\/d-life.hu\/en\/wp-json\/wp\/v2\/pages\/1151\/revisions\/1218"}],"wp:attachment":[{"href":"https:\/\/d-life.hu\/en\/wp-json\/wp\/v2\/media?parent=1151"}],"curies":[{"name":"wp","href":"https:\/\/api.w.org\/{rel}","templated":true}]}}