{"id":193,"date":"2025-03-04T16:56:09","date_gmt":"2025-03-04T16:56:09","guid":{"rendered":"https:\/\/d-life.hu\/?post_type=product&#038;p=193"},"modified":"2025-12-20T13:50:03","modified_gmt":"2025-12-20T13:50:03","slug":"pasta-norella-glutenmentes-csicseriborso-teszta-lenmaggal-orso-250g","status":"publish","type":"product","link":"https:\/\/d-life.hu\/de\/produkt\/pasta-norella-glutenmentes-csicseriborso-teszta-lenmaggal-orso-250g\/","title":{"rendered":"Pasta Norella Sz\u00e9nhidr\u00e1tcs\u00f6kkentett GLUT\u00c9NMENTES csicseribors\u00f3 t\u00e9szta lenmaggal &#8211; ors\u00f3 250g"},"featured_media":1459,"template":"","product_brand":[],"product_cat":[22],"product_tag":[],"class_list":{"0":"post-193","1":"product","2":"type-product","3":"status-publish","4":"has-post-thumbnail","6":"product_cat-glutenmentes","8":"first","9":"instock","10":"taxable","11":"shipping-taxable","12":"purchasable","13":"product-type-simple"},"bundled_by":[],"bundle_stock_status":"instock","bundle_stock_quantity":null,"bundle_virtual":false,"bundle_layout":"","bundle_add_to_cart_form_location":"","bundle_editable_in_cart":false,"bundle_sold_individually_context":"","bundle_item_grouping":"","bundle_min_size":"","bundle_max_size":"","bundle_price":[],"bundled_items":[],"bundle_sell_ids":[],"_links":{"self":[{"href":"https:\/\/d-life.hu\/de\/wp-json\/wp\/v2\/product\/193","targetHints":{"allow":["GET"]}}],"collection":[{"href":"https:\/\/d-life.hu\/de\/wp-json\/wp\/v2\/product"}],"about":[{"href":"https:\/\/d-life.hu\/de\/wp-json\/wp\/v2\/types\/product"}],"wp:featuredmedia":[{"embeddable":true,"href":"https:\/\/d-life.hu\/de\/wp-json\/wp\/v2\/media\/1459"}],"wp:attachment":[{"href":"https:\/\/d-life.hu\/de\/wp-json\/wp\/v2\/media?parent=193"}],"wp:term":[{"taxonomy":"product_brand","embeddable":true,"href":"https:\/\/d-life.hu\/de\/wp-json\/wp\/v2\/product_brand?post=193"},{"taxonomy":"product_cat","embeddable":true,"href":"https:\/\/d-life.hu\/de\/wp-json\/wp\/v2\/product_cat?post=193"},{"taxonomy":"product_tag","embeddable":true,"href":"https:\/\/d-life.hu\/de\/wp-json\/wp\/v2\/product_tag?post=193"}],"curies":[{"name":"wp","href":"https:\/\/api.w.org\/{rel}","templated":true}]}}