{"id":110,"date":"2025-02-25T04:22:41","date_gmt":"2025-02-25T04:22:41","guid":{"rendered":"https:\/\/d-life.hu\/?post_type=product&#038;p=110"},"modified":"2026-04-06T22:00:11","modified_gmt":"2026-04-06T22:00:11","slug":"d-life-szenhidratcsokkentett-piskota-teszta-sutokeverek-500g","status":"publish","type":"product","link":"https:\/\/d-life.hu\/de\/produkt\/d-life-szenhidratcsokkentett-piskota-teszta-sutokeverek-500g\/","title":{"rendered":"D-Life sz\u00e9nhidr\u00e1tcs\u00f6kkentett S\u00fctem\u00e9nykever\u00e9k 500g"},"featured_media":1643,"template":"","product_brand":[],"product_cat":[17],"product_tag":[],"class_list":{"0":"post-110","1":"product","2":"type-product","3":"status-publish","4":"has-post-thumbnail","6":"product_cat-szenhidratcsokkentett-keszlisztek","8":"first","9":"instock","10":"taxable","11":"shipping-taxable","12":"purchasable","13":"product-type-simple"},"bundled_by":[],"bundle_stock_status":"instock","bundle_stock_quantity":null,"bundle_virtual":false,"bundle_layout":"","bundle_add_to_cart_form_location":"","bundle_editable_in_cart":false,"bundle_sold_individually_context":"","bundle_item_grouping":"","bundle_min_size":"","bundle_max_size":"","bundle_price":[],"bundled_items":[],"bundle_sell_ids":[],"_links":{"self":[{"href":"https:\/\/d-life.hu\/de\/wp-json\/wp\/v2\/product\/110","targetHints":{"allow":["GET"]}}],"collection":[{"href":"https:\/\/d-life.hu\/de\/wp-json\/wp\/v2\/product"}],"about":[{"href":"https:\/\/d-life.hu\/de\/wp-json\/wp\/v2\/types\/product"}],"wp:featuredmedia":[{"embeddable":true,"href":"https:\/\/d-life.hu\/de\/wp-json\/wp\/v2\/media\/1643"}],"wp:attachment":[{"href":"https:\/\/d-life.hu\/de\/wp-json\/wp\/v2\/media?parent=110"}],"wp:term":[{"taxonomy":"product_brand","embeddable":true,"href":"https:\/\/d-life.hu\/de\/wp-json\/wp\/v2\/product_brand?post=110"},{"taxonomy":"product_cat","embeddable":true,"href":"https:\/\/d-life.hu\/de\/wp-json\/wp\/v2\/product_cat?post=110"},{"taxonomy":"product_tag","embeddable":true,"href":"https:\/\/d-life.hu\/de\/wp-json\/wp\/v2\/product_tag?post=110"}],"curies":[{"name":"wp","href":"https:\/\/api.w.org\/{rel}","templated":true}]}}