{"id":189,"date":"2025-03-04T16:49:43","date_gmt":"2025-03-04T16:49:43","guid":{"rendered":"https:\/\/d-life.hu\/?post_type=product&#038;p=189"},"modified":"2026-04-15T06:14:38","modified_gmt":"2026-04-15T06:14:38","slug":"d-life-szenhidratcsokkentett-orso-teszta-gasztro-600g","status":"publish","type":"product","link":"https:\/\/d-life.hu\/cn\/product\/d-life-szenhidratcsokkentett-orso-teszta-gasztro-600g\/","title":{"rendered":"D-life sz\u00e9nhidr\u00e1tcs\u00f6kkentett ors\u00f3 t\u00e9szta 600g"},"featured_media":190,"template":"","product_brand":[],"product_cat":[18],"product_tag":[],"class_list":{"0":"post-189","1":"product","2":"type-product","3":"status-publish","4":"has-post-thumbnail","6":"product_cat-szenhidratcsokkentett-tesztak","8":"first","9":"instock","10":"taxable","11":"shipping-taxable","12":"purchasable","13":"product-type-simple"},"bundled_by":["1533"],"bundle_stock_status":"instock","bundle_stock_quantity":null,"bundle_virtual":false,"bundle_layout":"","bundle_add_to_cart_form_location":"","bundle_editable_in_cart":false,"bundle_sold_individually_context":"","bundle_item_grouping":"","bundle_min_size":"","bundle_max_size":"","bundle_price":[],"bundled_items":[],"bundle_sell_ids":[],"_links":{"self":[{"href":"https:\/\/d-life.hu\/cn\/wp-json\/wp\/v2\/product\/189","targetHints":{"allow":["GET"]}}],"collection":[{"href":"https:\/\/d-life.hu\/cn\/wp-json\/wp\/v2\/product"}],"about":[{"href":"https:\/\/d-life.hu\/cn\/wp-json\/wp\/v2\/types\/product"}],"wp:featuredmedia":[{"embeddable":true,"href":"https:\/\/d-life.hu\/cn\/wp-json\/wp\/v2\/media\/190"}],"wp:attachment":[{"href":"https:\/\/d-life.hu\/cn\/wp-json\/wp\/v2\/media?parent=189"}],"wp:term":[{"taxonomy":"product_brand","embeddable":true,"href":"https:\/\/d-life.hu\/cn\/wp-json\/wp\/v2\/product_brand?post=189"},{"taxonomy":"product_cat","embeddable":true,"href":"https:\/\/d-life.hu\/cn\/wp-json\/wp\/v2\/product_cat?post=189"},{"taxonomy":"product_tag","embeddable":true,"href":"https:\/\/d-life.hu\/cn\/wp-json\/wp\/v2\/product_tag?post=189"}],"curies":[{"name":"wp","href":"https:\/\/api.w.org\/{rel}","templated":true}]}}