{"id":705,"date":"2025-02-24T21:49:14","date_gmt":"2025-02-24T21:49:14","guid":{"rendered":"https:\/\/d-life.hu\/?page_id=10"},"modified":"2025-04-11T14:43:06","modified_gmt":"2025-04-11T14:43:06","slug":"warenkorb","status":"publish","type":"page","link":"https:\/\/d-life.hu\/cn\/warenkorb\/","title":{"rendered":"Warenkorb"},"content":{"rendered":"<div data-block-name=\"woocommerce\/cart\" class=\"wp-block-woocommerce-cart alignwide is-loading customcart\">\n<div data-block-name=\"woocommerce\/filled-cart-block\" class=\"wp-block-woocommerce-filled-cart-block\">\n<div data-block-name=\"woocommerce\/cart-items-block\" class=\"wp-block-woocommerce-cart-items-block\">\n<div data-block-name=\"woocommerce\/cart-line-items-block\" class=\"wp-block-woocommerce-cart-line-items-block\"><\/div>\n\n\n\n<div data-block-name=\"woocommerce\/cart-cross-sells-block\" class=\"wp-block-woocommerce-cart-cross-sells-block\">\n<h2 class=\"wp-block-heading has-large-font-size\">Tal\u00e1n \u00e9rdekelhetnek ezek&#8230;<\/h2>\n\n\n\n<div data-block-name=\"woocommerce\/cart-cross-sells-products-block\" class=\"wp-block-woocommerce-cart-cross-sells-products-block\"><\/div>\n<\/div>\n<\/div>\n\n\n\n<div data-block-name=\"woocommerce\/cart-totals-block\" class=\"wp-block-woocommerce-cart-totals-block\">\n<div data-block-name=\"woocommerce\/cart-order-summary-block\" class=\"wp-block-woocommerce-cart-order-summary-block\">\n<div data-block-name=\"woocommerce\/cart-order-summary-heading-block\" data-content=\"Kos\u00e1r \u00f6sszesen\" class=\"wp-block-woocommerce-cart-order-summary-heading-block\"><\/div>\n\n\n\n<div data-block-name=\"woocommerce\/cart-order-summary-coupon-form-block\" class=\"wp-block-woocommerce-cart-order-summary-coupon-form-block\"><\/div>\n\n\n\n<div data-block-name=\"woocommerce\/cart-order-summary-totals-block\" class=\"wp-block-woocommerce-cart-order-summary-totals-block\">\n<div data-block-name=\"woocommerce\/cart-order-summary-subtotal-block\" class=\"wp-block-woocommerce-cart-order-summary-subtotal-block\"><\/div>\n\n\n\n<div data-block-name=\"woocommerce\/cart-order-summary-fee-block\" class=\"wp-block-woocommerce-cart-order-summary-fee-block\"><\/div>\n\n\n\n<div data-block-name=\"woocommerce\/cart-order-summary-discount-block\" class=\"wp-block-woocommerce-cart-order-summary-discount-block\"><\/div>\n\n\n\n<div data-block-name=\"woocommerce\/cart-order-summary-shipping-block\" class=\"wp-block-woocommerce-cart-order-summary-shipping-block\"><\/div>\n\n\n\n<div data-block-name=\"woocommerce\/cart-order-summary-taxes-block\" class=\"wp-block-woocommerce-cart-order-summary-taxes-block\"><\/div>\n<\/div>\n<\/div>\n\n\n\n<div data-block-name=\"woocommerce\/cart-express-payment-block\" class=\"wp-block-woocommerce-cart-express-payment-block\"><\/div>\n\n\n\n<div data-block-name=\"woocommerce\/proceed-to-checkout-block\" class=\"wp-block-woocommerce-proceed-to-checkout-block\"><\/div>\n\n\n\n<div data-block-name=\"woocommerce\/cart-accepted-payment-methods-block\" class=\"wp-block-woocommerce-cart-accepted-payment-methods-block\"><\/div>\n<\/div>\n<\/div>\n\n\n\n<div data-block-name=\"woocommerce\/empty-cart-block\" class=\"wp-block-woocommerce-empty-cart-block\">\n<h2 class=\"wp-block-heading has-text-align-center with-empty-cart-icon wc-block-cart__empty-cart__title\">Jelenleg \u00fcres a kosarad.<\/h2>\n\n\n\n<hr class=\"wp-block-separator has-alpha-channel-opacity is-style-dots\"\/>\n\n\n\n<h2 class=\"wp-block-heading has-text-align-center\">\u00dajdons\u00e1gok<\/h2>\n\n\n<div data-block-name=\"woocommerce\/product-new\" data-columns=\"4\" data-rows=\"1\" class=\"wc-block-grid wp-block-product-new wp-block-woocommerce-product-new wc-block-product-new has-4-columns\"><ul class=\"wc-block-grid__products\"><li class=\"wc-block-grid__product\">\n\t\t\t\t<a href=\"https:\/\/d-life.hu\/cn\/product\/tesztacsomag-nagy\/\" class=\"wc-block-grid__product-link\">\n\t\t\t\t\t\n\t\t\t\t\t<div class=\"wc-block-grid__product-image\"><img fetchpriority=\"high\" decoding=\"async\" width=\"300\" height=\"300\" src=\"https:\/\/d-life.hu\/wp-content\/uploads\/2025\/03\/Spa1.png-300x300.webp\" class=\"attachment-woocommerce_thumbnail size-woocommerce_thumbnail\" alt=\"T\u00e9sztacsomag (K\u00f6zepes)\" srcset=\"https:\/\/d-life.hu\/wp-content\/uploads\/2025\/03\/Spa1.png-300x300.webp 300w, https:\/\/d-life.hu\/wp-content\/uploads\/2025\/03\/Spa1.png-150x150.webp 150w, https:\/\/d-life.hu\/wp-content\/uploads\/2025\/03\/Spa1.png-100x100.webp 100w\" sizes=\"(max-width: 300px) 100vw, 300px\" \/><\/div>\n\t\t\t\t\t<div class=\"wc-block-grid__product-title\">T\u00e9sztacsomag (K\u00f6zepes)<\/div>\n\t\t\t\t<\/a>\n\t\t\t\t<div class=\"wc-block-grid__product-price price\"><span class=\"woocommerce-Price-amount amount\">13 410&nbsp;<span class=\"woocommerce-Price-currencySymbol\">&#070;&#116;<\/span><\/span><\/div>\n\t\t\t\t\n\t\t\t\t<div class=\"wp-block-button wc-block-grid__product-add-to-cart\"><a href=\"\/cn\/wp-json\/wp\/v2\/pages\/705?add-to-cart=1533\" aria-label=\"\u8be6\u7ec6\u4e86\u89e3 \u201cT\u00e9sztacsomag (K\u00f6zepes)\u201d\" data-quantity=\"1\" data-product_id=\"1533\" data-product_sku=\"\" data-price=\"13410\" rel=\"nofollow\" class=\"wp-block-button__link  add_to_cart_button ajax_add_to_cart\" data-no-translation=\"\" data-trp-gettext=\"\" data-no-translation-aria-label=\"\">\u52a0\u5165\u8d2d\u7269\u8f66<\/a><\/div>\n\t\t\t<\/li><li class=\"wc-block-grid__product\">\n\t\t\t\t<a href=\"https:\/\/d-life.hu\/cn\/product\/teljes-kiorlesu-alakor-liszt-1-kg\/\" class=\"wc-block-grid__product-link\">\n\t\t\t\t\t\n\t\t\t\t\t<div class=\"wc-block-grid__product-image\"><img decoding=\"async\" width=\"300\" height=\"300\" src=\"https:\/\/d-life.hu\/wp-content\/uploads\/2025\/03\/Alakor-buzaliszt_1-kg-300x300.jpg\" class=\"attachment-woocommerce_thumbnail size-woocommerce_thumbnail\" alt=\"Teljes ki\u0151rl\u00e9s\u0171 Alakor liszt 1 kg\" srcset=\"https:\/\/d-life.hu\/wp-content\/uploads\/2025\/03\/Alakor-buzaliszt_1-kg-300x300.jpg 300w, https:\/\/d-life.hu\/wp-content\/uploads\/2025\/03\/Alakor-buzaliszt_1-kg-150x150.jpg 150w, https:\/\/d-life.hu\/wp-content\/uploads\/2025\/03\/Alakor-buzaliszt_1-kg-100x100.jpg 100w\" sizes=\"(max-width: 300px) 100vw, 300px\" \/><\/div>\n\t\t\t\t\t<div class=\"wc-block-grid__product-title\">\u5168\u9ea6\u963f\u62c9\u79d1\u9762\u7c89 1\u516c\u65a4<\/div>\n\t\t\t\t<\/a>\n\t\t\t\t<div class=\"wc-block-grid__product-price price\"><span class=\"woocommerce-Price-amount amount\">1 500&nbsp;<span class=\"woocommerce-Price-currencySymbol\">&#070;&#116;<\/span><\/span><\/div>\n\t\t\t\t\n\t\t\t\t<div class=\"wp-block-button wc-block-grid__product-add-to-cart\"><a href=\"\/cn\/wp-json\/wp\/v2\/pages\/705?add-to-cart=197\" aria-label=\"\u52a0\u5165\u8d2d\u7269\u8f66\uff1a\u201cTeljes ki\u0151rl\u00e9s\u0171 Alakor liszt 1 kg\u201d\" data-quantity=\"1\" data-product_id=\"197\" data-product_sku=\"alkor1kg\" data-price=\"1500\" rel=\"nofollow\" class=\"wp-block-button__link  add_to_cart_button ajax_add_to_cart\" data-no-translation=\"\" data-trp-gettext=\"\" data-no-translation-aria-label=\"\">\u52a0\u5165\u8d2d\u7269\u8f66<\/a><\/div>\n\t\t\t<\/li><li class=\"wc-block-grid__product\">\n\t\t\t\t<a href=\"https:\/\/d-life.hu\/cn\/product\/pasta-norella-glutenmentes-csicseriborso-teszta-lenmaggal-rovid-cso-250g\/\" class=\"wc-block-grid__product-link\">\n\t\t\t\t\t\n\t\t\t\t\t<div class=\"wc-block-grid__product-image\"><img decoding=\"async\" width=\"300\" height=\"300\" src=\"https:\/\/d-life.hu\/wp-content\/uploads\/2025\/03\/D-LIFE_VorosTeszta_Glutenmentes-Szarvacska_Doboz-Cimke-300x300.jpg\" class=\"attachment-woocommerce_thumbnail size-woocommerce_thumbnail\" alt=\"Pasta Norella Sz\u00e9nhidr\u00e1tcs\u00f6kkentett GLUT\u00c9NMENTES csicseribors\u00f3 t\u00e9szta lenmaggal - r\u00f6vid cs\u0151 250g\" srcset=\"https:\/\/d-life.hu\/wp-content\/uploads\/2025\/03\/D-LIFE_VorosTeszta_Glutenmentes-Szarvacska_Doboz-Cimke-300x300.jpg 300w, https:\/\/d-life.hu\/wp-content\/uploads\/2025\/03\/D-LIFE_VorosTeszta_Glutenmentes-Szarvacska_Doboz-Cimke-150x150.jpg 150w, https:\/\/d-life.hu\/wp-content\/uploads\/2025\/03\/D-LIFE_VorosTeszta_Glutenmentes-Szarvacska_Doboz-Cimke-100x100.jpg 100w\" sizes=\"(max-width: 300px) 100vw, 300px\" \/><\/div>\n\t\t\t\t\t<div class=\"wc-block-grid__product-title\">Pasta Norella Sz\u00e9nhidr\u00e1tcs\u00f6kkentett GLUT\u00c9NMENTES csicseribors\u00f3 t\u00e9szta lenmaggal &#8211; r\u00f6vid cs\u0151 250g<\/div>\n\t\t\t\t<\/a>\n\t\t\t\t<div class=\"wc-block-grid__product-price price\"><span class=\"woocommerce-Price-amount amount\">1 195&nbsp;<span class=\"woocommerce-Price-currencySymbol\">&#070;&#116;<\/span><\/span><\/div>\n\t\t\t\t\n\t\t\t\t<div class=\"wp-block-button wc-block-grid__product-add-to-cart\"><a href=\"\/cn\/wp-json\/wp\/v2\/pages\/705?add-to-cart=194\" aria-label=\"\u52a0\u5165\u8d2d\u7269\u8f66\uff1a\u201cPasta Norella Sz\u00e9nhidr\u00e1tcs\u00f6kkentett GLUT\u00c9NMENTES csicseribors\u00f3 t\u00e9szta lenmaggal - r\u00f6vid cs\u0151 250g\u201d\" data-quantity=\"1\" data-product_id=\"194\" data-product_sku=\"Glut2\" data-price=\"1195\" rel=\"nofollow\" class=\"wp-block-button__link  add_to_cart_button ajax_add_to_cart\" data-no-translation=\"\" data-trp-gettext=\"\" data-no-translation-aria-label=\"\">\u52a0\u5165\u8d2d\u7269\u8f66<\/a><\/div>\n\t\t\t<\/li><li class=\"wc-block-grid__product\">\n\t\t\t\t<a href=\"https:\/\/d-life.hu\/cn\/product\/pasta-norella-glutenmentes-csicseriborso-teszta-lenmaggal-orso-250g\/\" class=\"wc-block-grid__product-link\">\n\t\t\t\t\t\n\t\t\t\t\t<div class=\"wc-block-grid__product-image\"><img loading=\"lazy\" decoding=\"async\" width=\"300\" height=\"300\" src=\"https:\/\/d-life.hu\/wp-content\/uploads\/2025\/03\/D-LIFE_VorosTeszta_Glutenmentes-Orso_Doboz-Cimke-300x300.jpg\" class=\"attachment-woocommerce_thumbnail size-woocommerce_thumbnail\" alt=\"Pasta Norella Sz\u00e9nhidr\u00e1tcs\u00f6kkentett GLUT\u00c9NMENTES csicseribors\u00f3 t\u00e9szta lenmaggal - ors\u00f3 250g\" srcset=\"https:\/\/d-life.hu\/wp-content\/uploads\/2025\/03\/D-LIFE_VorosTeszta_Glutenmentes-Orso_Doboz-Cimke-300x300.jpg 300w, https:\/\/d-life.hu\/wp-content\/uploads\/2025\/03\/D-LIFE_VorosTeszta_Glutenmentes-Orso_Doboz-Cimke-150x150.jpg 150w, https:\/\/d-life.hu\/wp-content\/uploads\/2025\/03\/D-LIFE_VorosTeszta_Glutenmentes-Orso_Doboz-Cimke-100x100.jpg 100w\" sizes=\"(max-width: 300px) 100vw, 300px\" \/><\/div>\n\t\t\t\t\t<div class=\"wc-block-grid__product-title\">Pasta Norella Sz\u00e9nhidr\u00e1tcs\u00f6kkentett GLUT\u00c9NMENTES csicseribors\u00f3 t\u00e9szta lenmaggal &#8211; ors\u00f3 250g<\/div>\n\t\t\t\t<\/a>\n\t\t\t\t<div class=\"wc-block-grid__product-price price\"><span class=\"woocommerce-Price-amount amount\">1 195&nbsp;<span class=\"woocommerce-Price-currencySymbol\">&#070;&#116;<\/span><\/span><\/div>\n\t\t\t\t\n\t\t\t\t<div class=\"wp-block-button wc-block-grid__product-add-to-cart\"><a href=\"\/cn\/wp-json\/wp\/v2\/pages\/705?add-to-cart=193\" aria-label=\"\u52a0\u5165\u8d2d\u7269\u8f66\uff1a\u201cPasta Norella Sz\u00e9nhidr\u00e1tcs\u00f6kkentett GLUT\u00c9NMENTES csicseribors\u00f3 t\u00e9szta lenmaggal - ors\u00f3 250g\u201d\" data-quantity=\"1\" data-product_id=\"193\" data-product_sku=\"Glut1\" data-price=\"1195\" rel=\"nofollow\" class=\"wp-block-button__link  add_to_cart_button ajax_add_to_cart\" data-no-translation=\"\" data-trp-gettext=\"\" data-no-translation-aria-label=\"\">\u52a0\u5165\u8d2d\u7269\u8f66<\/a><\/div>\n\t\t\t<\/li><\/ul><\/div><\/div>\n<\/div>\n\n\n\n<p><\/p>","protected":false},"excerpt":{"rendered":"","protected":false},"author":1,"featured_media":0,"parent":0,"menu_order":0,"comment_status":"closed","ping_status":"closed","template":"elementor_header_footer","meta":{"_seopress_robots_primary_cat":"","_seopress_titles_title":"","_seopress_titles_desc":"","_seopress_robots_index":"","footnotes":""},"class_list":["post-705","page","type-page","status-publish"],"_links":{"self":[{"href":"https:\/\/d-life.hu\/cn\/wp-json\/wp\/v2\/pages\/705","targetHints":{"allow":["GET"]}}],"collection":[{"href":"https:\/\/d-life.hu\/cn\/wp-json\/wp\/v2\/pages"}],"about":[{"href":"https:\/\/d-life.hu\/cn\/wp-json\/wp\/v2\/types\/page"}],"author":[{"embeddable":true,"href":"https:\/\/d-life.hu\/cn\/wp-json\/wp\/v2\/users\/1"}],"replies":[{"embeddable":true,"href":"https:\/\/d-life.hu\/cn\/wp-json\/wp\/v2\/comments?post=705"}],"version-history":[{"count":1,"href":"https:\/\/d-life.hu\/cn\/wp-json\/wp\/v2\/pages\/705\/revisions"}],"predecessor-version":[{"id":706,"href":"https:\/\/d-life.hu\/cn\/wp-json\/wp\/v2\/pages\/705\/revisions\/706"}],"wp:attachment":[{"href":"https:\/\/d-life.hu\/cn\/wp-json\/wp\/v2\/media?parent=705"}],"curies":[{"name":"wp","href":"https:\/\/api.w.org\/{rel}","templated":true}]}}