{"id":516,"date":"2025-03-20T11:55:56","date_gmt":"2025-03-20T11:55:56","guid":{"rendered":"https:\/\/d-life.hu\/?page_id=516"},"modified":"2025-03-20T19:18:25","modified_gmt":"2025-03-20T19:18:25","slug":"bemutato","status":"publish","type":"page","link":"https:\/\/d-life.hu\/cn\/bemutato\/","title":{"rendered":"\u6f14\u793a"},"content":{"rendered":"<div data-elementor-type=\"wp-page\" data-elementor-id=\"516\" class=\"elementor elementor-516\" data-elementor-post-type=\"page\">\n\t\t\t\t<div class=\"elementor-element elementor-element-f0b6778 e-flex e-con-boxed e-con e-parent\" data-id=\"f0b6778\" data-element_type=\"container\" data-e-type=\"container\">\n\t\t\t\t\t<div class=\"e-con-inner\">\n\t\t\t\t<div class=\"elementor-element elementor-element-1145794 elementor-widget elementor-widget-heading\" data-id=\"1145794\" data-element_type=\"widget\" data-e-type=\"widget\" data-widget_type=\"heading.default\">\n\t\t\t\t<div class=\"elementor-widget-container\">\n\t\t\t\t\t<h4 class=\"elementor-heading-title elementor-size-default\">\u6211\u4eec\u7684 YouTube \u9891\u9053<\/h4>\t\t\t\t<\/div>\n\t\t\t\t<\/div>\n\t\t\t\t\t<\/div>\n\t\t\t\t<\/div>\n\t\t<div class=\"elementor-element elementor-element-5a7964e e-flex e-con-boxed e-con e-parent\" data-id=\"5a7964e\" data-element_type=\"container\" data-e-type=\"container\">\n\t\t\t\t\t<div class=\"e-con-inner\">\n\t\t<div class=\"elementor-element elementor-element-8a9c820 e-con-full e-flex e-con e-child\" data-id=\"8a9c820\" data-element_type=\"container\" data-e-type=\"container\">\n\t\t\t\t<div class=\"elementor-element elementor-element-4df05dc elementor-widget elementor-widget-video\" data-id=\"4df05dc\" data-element_type=\"widget\" data-e-type=\"widget\" data-settings=\"{&quot;youtube_url&quot;:&quot;https:\\\/\\\/www.youtube.com\\\/watch?v=vOSw7wtx5fo&quot;,&quot;video_type&quot;:&quot;youtube&quot;,&quot;controls&quot;:&quot;yes&quot;}\" data-widget_type=\"video.default\">\n\t\t\t\t<div class=\"elementor-widget-container\">\n\t\t\t\t\t\t\t<div class=\"elementor-wrapper elementor-open-inline\">\n\t\t\t<div class=\"elementor-video\"><\/div>\t\t<\/div>\n\t\t\t\t\t\t<\/div>\n\t\t\t\t<\/div>\n\t\t\t\t<\/div>\n\t\t<div class=\"elementor-element elementor-element-0f0aa9e e-con-full e-flex e-con e-child\" data-id=\"0f0aa9e\" data-element_type=\"container\" data-e-type=\"container\">\n\t\t\t\t<div class=\"elementor-element elementor-element-16568cb elementor-widget elementor-widget-video\" data-id=\"16568cb\" data-element_type=\"widget\" data-e-type=\"widget\" data-settings=\"{&quot;youtube_url&quot;:&quot;https:\\\/\\\/www.youtube.com\\\/watch?v=WZCrFFLwjx0&quot;,&quot;video_type&quot;:&quot;youtube&quot;,&quot;controls&quot;:&quot;yes&quot;}\" data-widget_type=\"video.default\">\n\t\t\t\t<div class=\"elementor-widget-container\">\n\t\t\t\t\t\t\t<div class=\"elementor-wrapper elementor-open-inline\">\n\t\t\t<div class=\"elementor-video\"><\/div>\t\t<\/div>\n\t\t\t\t\t\t<\/div>\n\t\t\t\t<\/div>\n\t\t\t\t<\/div>\n\t\t<div class=\"elementor-element elementor-element-566e321 e-con-full e-flex e-con e-child\" data-id=\"566e321\" data-element_type=\"container\" data-e-type=\"container\">\n\t\t\t\t<div class=\"elementor-element elementor-element-4f9b442 elementor-widget elementor-widget-video\" data-id=\"4f9b442\" data-element_type=\"widget\" data-e-type=\"widget\" data-settings=\"{&quot;youtube_url&quot;:&quot;https:\\\/\\\/www.youtube.com\\\/watch?v=BtC8tg9ijs4&quot;,&quot;video_type&quot;:&quot;youtube&quot;,&quot;controls&quot;:&quot;yes&quot;}\" data-widget_type=\"video.default\">\n\t\t\t\t<div class=\"elementor-widget-container\">\n\t\t\t\t\t\t\t<div class=\"elementor-wrapper elementor-open-inline\">\n\t\t\t<div class=\"elementor-video\"><\/div>\t\t<\/div>\n\t\t\t\t\t\t<\/div>\n\t\t\t\t<\/div>\n\t\t\t\t<\/div>\n\t\t\t\t\t<\/div>\n\t\t\t\t<\/div>\n\t\t<div class=\"elementor-element elementor-element-777beeb e-flex e-con-boxed e-con e-parent\" data-id=\"777beeb\" data-element_type=\"container\" data-e-type=\"container\">\n\t\t\t\t\t<div class=\"e-con-inner\">\n\t\t\t\t<div class=\"elementor-element elementor-element-ab1425f elementor-align-center elementor-widget elementor-widget-button\" data-id=\"ab1425f\" data-element_type=\"widget\" data-e-type=\"widget\" data-widget_type=\"button.default\">\n\t\t\t\t<div class=\"elementor-widget-container\">\n\t\t\t\t\t\t\t\t\t<div class=\"elementor-button-wrapper\">\n\t\t\t\t\t<a class=\"elementor-button elementor-button-link elementor-size-sm\" href=\"https:\/\/www.youtube.com\/@d-lifehungary4282\" target=\"_blank\">\n\t\t\t\t\t\t<span class=\"elementor-button-content-wrapper\">\n\t\t\t\t\t\t<span class=\"elementor-button-icon\">\n\t\t\t\t<svg aria-hidden=\"true\" class=\"e-font-icon-svg e-fab-youtube\" viewbox=\"0 0 576 512\" xmlns=\"http:\/\/www.w3.org\/2000\/svg\"><path d=\"M549.655 124.083c-6.281-23.65-24.787-42.276-48.284-48.597C458.781 64 288 64 288 64S117.22 64 74.629 75.486c-23.497 6.322-42.003 24.947-48.284 48.597-11.412 42.867-11.412 132.305-11.412 132.305s0 89.438 11.412 132.305c6.281 23.65 24.787 41.5 48.284 47.821C117.22 448 288 448 288 448s170.78 0 213.371-11.486c23.497-6.321 42.003-24.171 48.284-47.821 11.412-42.867 11.412-132.305 11.412-132.305s0-89.438-11.412-132.305zm-317.51 213.508V175.185l142.739 81.205-142.739 81.201z\"><\/path><\/svg>\t\t\t<\/span>\n\t\t\t\t\t\t\t\t\t<span class=\"elementor-button-text\">Tov\u00e1bb a csatorn\u00e1ra<\/span>\n\t\t\t\t\t<\/span>\n\t\t\t\t\t<\/a>\n\t\t\t\t<\/div>\n\t\t\t\t\t\t\t\t<\/div>\n\t\t\t\t<\/div>\n\t\t\t\t\t<\/div>\n\t\t\t\t<\/div>\n\t\t<div class=\"elementor-element elementor-element-1cdc71a e-flex e-con-boxed e-con e-parent\" data-id=\"1cdc71a\" data-element_type=\"container\" data-e-type=\"container\">\n\t\t\t\t\t<div class=\"e-con-inner\">\n\t\t\t\t<div class=\"elementor-element elementor-element-3d0007b elementor-widget-divider--view-line elementor-widget elementor-widget-divider\" data-id=\"3d0007b\" data-element_type=\"widget\" data-e-type=\"widget\" data-widget_type=\"divider.default\">\n\t\t\t\t<div class=\"elementor-widget-container\">\n\t\t\t\t\t\t\t<div class=\"elementor-divider\">\n\t\t\t<span class=\"elementor-divider-separator\">\n\t\t\t\t\t\t<\/span>\n\t\t<\/div>\n\t\t\t\t\t\t<\/div>\n\t\t\t\t<\/div>\n\t\t\t\t\t<\/div>\n\t\t\t\t<\/div>\n\t\t<div class=\"elementor-element elementor-element-ff2f584 e-flex e-con-boxed e-con e-parent\" data-id=\"ff2f584\" data-element_type=\"container\" data-e-type=\"container\">\n\t\t\t\t\t<div class=\"e-con-inner\">\n\t\t\t\t<div class=\"elementor-element elementor-element-0ce5559 elementor-widget elementor-widget-heading\" data-id=\"0ce5559\" data-element_type=\"widget\" data-e-type=\"widget\" data-widget_type=\"heading.default\">\n\t\t\t\t<div class=\"elementor-widget-container\">\n\t\t\t\t\t<h4 class=\"elementor-heading-title elementor-size-default\">\u7531\u514b\u4f26\u00b7\u8fea\u5a05\u63a8\u8350<\/h4>\t\t\t\t<\/div>\n\t\t\t\t<\/div>\n\t\t\t\t\t<\/div>\n\t\t\t\t<\/div>\n\t\t<div class=\"elementor-element elementor-element-7bec356 e-flex e-con-boxed e-con e-parent\" data-id=\"7bec356\" data-element_type=\"container\" data-e-type=\"container\">\n\t\t\t\t\t<div class=\"e-con-inner\">\n\t\t<div class=\"elementor-element elementor-element-45b4ed4 e-con-full e-flex e-con e-child\" data-id=\"45b4ed4\" data-element_type=\"container\" data-e-type=\"container\">\n\t\t\t\t<div class=\"elementor-element elementor-element-3a53237 elementor-widget elementor-widget-image\" data-id=\"3a53237\" data-element_type=\"widget\" data-e-type=\"widget\" data-widget_type=\"image.default\">\n\t\t\t\t<div class=\"elementor-widget-container\">\n\t\t\t\t\t\t\t\t\t\t\t\t\t\t\t\t<a href=\"https:\/\/l.facebook.com\/l.php?u=https%3A%2F%2Fvm.tiktok.com%2FZNddqt74R%2F%3Ffbclid%3DIwZXh0bgNhZW0CMTAAAR1CfjFpMXeFNYN9JfUCWNAlrb05vUI1i8fErPAGfWjG9UoGCmzwDSDo370_aem_JNn01tAG3P6O5czmFCjsDQ&#038;h=AT2wpKl7YAagRxPzA6wyH7FiolwdkbLa0akUmhmaZnGfZ1e2ogc6gOpIq8fd5hBEvtQ45qh-zfJ2Cw6AdxMcaKLCNKmuQgZvRCFAxcAK8-xbJr1kxWJ9aLHKhT1SYiSZb6xGmQ\" target=\"_blank\">\n\t\t\t\t\t\t\t<img alt=\"\" fetchpriority=\"high\" decoding=\"async\" width=\"900\" height=\"540\" src=\"https:\/\/d-life.hu\/wp-content\/uploads\/2025\/03\/tiktok_cover_carbonara-1024x614.jpg\" class=\"attachment-large size-large wp-image-542\" srcset=\"https:\/\/d-life.hu\/wp-content\/uploads\/2025\/03\/tiktok_cover_carbonara-1024x614.jpg 1024w, https:\/\/d-life.hu\/wp-content\/uploads\/2025\/03\/tiktok_cover_carbonara-300x180.jpg 300w, https:\/\/d-life.hu\/wp-content\/uploads\/2025\/03\/tiktok_cover_carbonara-768x461.jpg 768w, https:\/\/d-life.hu\/wp-content\/uploads\/2025\/03\/tiktok_cover_carbonara-1536x922.jpg 1536w, https:\/\/d-life.hu\/wp-content\/uploads\/2025\/03\/tiktok_cover_carbonara-2048x1229.jpg 2048w, https:\/\/d-life.hu\/wp-content\/uploads\/2025\/03\/tiktok_cover_carbonara-600x360.jpg 600w\" sizes=\"(max-width: 900px) 100vw, 900px\" \/>\t\t\t\t\t\t\t\t<\/a>\n\t\t\t\t\t\t\t\t\t\t\t\t\t\t\t<\/div>\n\t\t\t\t<\/div>\n\t\t\t\t<\/div>\n\t\t<div class=\"elementor-element elementor-element-9872c6a e-con-full e-flex e-con e-child\" data-id=\"9872c6a\" data-element_type=\"container\" data-e-type=\"container\">\n\t\t\t\t<div class=\"elementor-element elementor-element-3e3401d elementor-widget elementor-widget-image\" data-id=\"3e3401d\" data-element_type=\"widget\" data-e-type=\"widget\" data-widget_type=\"image.default\">\n\t\t\t\t<div class=\"elementor-widget-container\">\n\t\t\t\t\t\t\t\t\t\t\t\t\t\t\t\t<a href=\"https:\/\/l.facebook.com\/l.php?u=https%3A%2F%2Fvm.tiktok.com%2FZNddqpLy6%2F%3Ffbclid%3DIwZXh0bgNhZW0CMTAAAR1TBZKTtN4hS2A3EmZMT46iDA_UN9WinPKTgvaDIMw7TBtRkQbPqUpSCIo_aem_Kl-LUoY3AqS2AI6VspaJQQ&#038;h=AT224XOizrjwTSg6zVSt3hBmjofSrfyyJ7mj6cQxjII-LSD8S3bBWwg1-qKR8h8msA5a4KwZd7uAl64Sz6aWBcatJnU1K-5ukvYvlo7VdEn4N9WT4bLVSDvZTLdoj6xrWOiI\" target=\"_blank\">\n\t\t\t\t\t\t\t<img alt=\"\" decoding=\"async\" width=\"900\" height=\"540\" src=\"https:\/\/d-life.hu\/wp-content\/uploads\/2025\/03\/tiktok_cover_dietas_kalacs-1024x614.jpg\" class=\"attachment-large size-large wp-image-543\" srcset=\"https:\/\/d-life.hu\/wp-content\/uploads\/2025\/03\/tiktok_cover_dietas_kalacs-1024x614.jpg 1024w, https:\/\/d-life.hu\/wp-content\/uploads\/2025\/03\/tiktok_cover_dietas_kalacs-300x180.jpg 300w, https:\/\/d-life.hu\/wp-content\/uploads\/2025\/03\/tiktok_cover_dietas_kalacs-768x461.jpg 768w, https:\/\/d-life.hu\/wp-content\/uploads\/2025\/03\/tiktok_cover_dietas_kalacs-1536x922.jpg 1536w, https:\/\/d-life.hu\/wp-content\/uploads\/2025\/03\/tiktok_cover_dietas_kalacs-2048x1229.jpg 2048w, https:\/\/d-life.hu\/wp-content\/uploads\/2025\/03\/tiktok_cover_dietas_kalacs-600x360.jpg 600w\" sizes=\"(max-width: 900px) 100vw, 900px\" \/>\t\t\t\t\t\t\t\t<\/a>\n\t\t\t\t\t\t\t\t\t\t\t\t\t\t\t<\/div>\n\t\t\t\t<\/div>\n\t\t\t\t<\/div>\n\t\t<div class=\"elementor-element elementor-element-9c3b49d e-con-full e-flex e-con e-child\" data-id=\"9c3b49d\" data-element_type=\"container\" data-e-type=\"container\">\n\t\t\t\t<div class=\"elementor-element elementor-element-ed9ff05 elementor-widget elementor-widget-image\" data-id=\"ed9ff05\" data-element_type=\"widget\" data-e-type=\"widget\" data-widget_type=\"image.default\">\n\t\t\t\t<div class=\"elementor-widget-container\">\n\t\t\t\t\t\t\t\t\t\t\t\t\t\t\t\t<a href=\"https:\/\/l.facebook.com\/l.php?u=https%3A%2F%2Fvm.tiktok.com%2FZNddqW3Fc%2F%3Ffbclid%3DIwZXh0bgNhZW0CMTAAAR1KRkYOOR1KtUdBKj1ES_2Ba__rWixBhZQO4C0gYBZYiGjy6_JoF-0cwak_aem_Dy9wcAbI4qL28lrrcmzTEw&#038;h=AT2wpKl7YAagRxPzA6wyH7FiolwdkbLa0akUmhmaZnGfZ1e2ogc6gOpIq8fd5hBEvtQ45qh-zfJ2Cw6AdxMcaKLCNKmuQgZvRCFAxcAK8-xbJr1kxWJ9aLHKhT1SYiSZb6xGmQ\" target=\"_blank\">\n\t\t\t\t\t\t\t<img alt=\"\" decoding=\"async\" width=\"900\" height=\"540\" src=\"https:\/\/d-life.hu\/wp-content\/uploads\/2025\/03\/tiktok_cover_dietas_csirkemell-1024x614.jpg\" class=\"attachment-large size-large wp-image-544\" srcset=\"https:\/\/d-life.hu\/wp-content\/uploads\/2025\/03\/tiktok_cover_dietas_csirkemell-1024x614.jpg 1024w, https:\/\/d-life.hu\/wp-content\/uploads\/2025\/03\/tiktok_cover_dietas_csirkemell-300x180.jpg 300w, https:\/\/d-life.hu\/wp-content\/uploads\/2025\/03\/tiktok_cover_dietas_csirkemell-768x461.jpg 768w, https:\/\/d-life.hu\/wp-content\/uploads\/2025\/03\/tiktok_cover_dietas_csirkemell-1536x922.jpg 1536w, https:\/\/d-life.hu\/wp-content\/uploads\/2025\/03\/tiktok_cover_dietas_csirkemell-2048x1229.jpg 2048w, https:\/\/d-life.hu\/wp-content\/uploads\/2025\/03\/tiktok_cover_dietas_csirkemell-600x360.jpg 600w\" sizes=\"(max-width: 900px) 100vw, 900px\" \/>\t\t\t\t\t\t\t\t<\/a>\n\t\t\t\t\t\t\t\t\t\t\t\t\t\t\t<\/div>\n\t\t\t\t<\/div>\n\t\t\t\t<\/div>\n\t\t\t\t\t<\/div>\n\t\t\t\t<\/div>\n\t\t<div class=\"elementor-element elementor-element-547435c e-flex e-con-boxed e-con e-parent\" data-id=\"547435c\" data-element_type=\"container\" data-e-type=\"container\">\n\t\t\t\t\t<div class=\"e-con-inner\">\n\t\t\t\t<div class=\"elementor-element elementor-element-bb10209 elementor-widget-divider--view-line elementor-widget elementor-widget-divider\" data-id=\"bb10209\" data-element_type=\"widget\" data-e-type=\"widget\" data-widget_type=\"divider.default\">\n\t\t\t\t<div class=\"elementor-widget-container\">\n\t\t\t\t\t\t\t<div class=\"elementor-divider\">\n\t\t\t<span class=\"elementor-divider-separator\">\n\t\t\t\t\t\t<\/span>\n\t\t<\/div>\n\t\t\t\t\t\t<\/div>\n\t\t\t\t<\/div>\n\t\t\t\t\t<\/div>\n\t\t\t\t<\/div>\n\t\t\t\t<\/div>","protected":false},"excerpt":{"rendered":"<p>Youtube csatorn\u00e1nk https:\/\/www.youtube.com\/watch?v=vOSw7wtx5fohttps:\/\/www.youtube.com\/watch?v=WZCrFFLwjx0https:\/\/www.youtube.com\/watch?v=BtC8tg9ijs4 Tov\u00e1bb a csatorn\u00e1ra Kr\u00e9nn Dia aj\u00e1nlja<\/p>","protected":false},"author":1,"featured_media":0,"parent":0,"menu_order":0,"comment_status":"closed","ping_status":"closed","template":"elementor_header_footer","meta":{"_seopress_robots_primary_cat":"","_seopress_titles_title":"","_seopress_titles_desc":"","_seopress_robots_index":"","footnotes":""},"class_list":["post-516","page","type-page","status-publish"],"_links":{"self":[{"href":"https:\/\/d-life.hu\/cn\/wp-json\/wp\/v2\/pages\/516","targetHints":{"allow":["GET"]}}],"collection":[{"href":"https:\/\/d-life.hu\/cn\/wp-json\/wp\/v2\/pages"}],"about":[{"href":"https:\/\/d-life.hu\/cn\/wp-json\/wp\/v2\/types\/page"}],"author":[{"embeddable":true,"href":"https:\/\/d-life.hu\/cn\/wp-json\/wp\/v2\/users\/1"}],"replies":[{"embeddable":true,"href":"https:\/\/d-life.hu\/cn\/wp-json\/wp\/v2\/comments?post=516"}],"version-history":[{"count":22,"href":"https:\/\/d-life.hu\/cn\/wp-json\/wp\/v2\/pages\/516\/revisions"}],"predecessor-version":[{"id":563,"href":"https:\/\/d-life.hu\/cn\/wp-json\/wp\/v2\/pages\/516\/revisions\/563"}],"wp:attachment":[{"href":"https:\/\/d-life.hu\/cn\/wp-json\/wp\/v2\/media?parent=516"}],"curies":[{"name":"wp","href":"https:\/\/api.w.org\/{rel}","templated":true}]}}